{"id":934,"date":"2023-04-13T19:46:03","date_gmt":"2023-04-13T19:46:03","guid":{"rendered":"https:\/\/indiville.be\/contact\/"},"modified":"2023-09-30T16:16:11","modified_gmt":"2023-09-30T14:16:11","slug":"contact","status":"publish","type":"page","link":"https:\/\/indiville.be\/fr\/contact\/","title":{"rendered":"Contact"},"content":{"rendered":"\n<style type=\"text\/css\" data-created_by=\"avia_inline_auto\" id=\"style-css-av-lgfj5z1e-b888711589e63f98b2f70d143d75626d\">\n.avia-section.av-lgfj5z1e-b888711589e63f98b2f70d143d75626d{\nbackground-repeat:no-repeat;\nbackground-image:url(https:\/\/indiville.be\/wp-content\/uploads\/2023\/04\/Depositphotos_322133934_L.jpg);\nbackground-position:0% 50%;\nbackground-attachment:scroll;\n}\n.avia-section.av-lgfj5z1e-b888711589e63f98b2f70d143d75626d .av-section-color-overlay{\nopacity:0.3;\nbackground-color:#037395;\n}\n#top .avia-section.av-lgfj5z1e-b888711589e63f98b2f70d143d75626d .scroll-down-link{\ncolor:#ffffff;\n}\n<\/style>\n<div id='av_section_1'  class='avia-section av-lgfj5z1e-b888711589e63f98b2f70d143d75626d main_color avia-section-default avia-no-border-styling  avia-builder-el-0  el_before_av_section  avia-builder-el-first  avia-full-stretch avia-bg-style-scroll av-section-color-overlay-active av-minimum-height av-minimum-height-40  container_wrap fullsize'  data-section-bg-repeat='stretch' data-av_minimum_height_pc='40'><div class=\"av-section-color-overlay-wrap\"><div class=\"av-section-color-overlay\"><\/div><a href='#next-section' title='' class='scroll-down-link av-custom-scroll-down-color' aria-hidden='true' data-av_icon='\ue877' data-av_iconfont='entypo-fontello'><\/a><div class='container av-section-cont-open' ><main  role=\"main\" itemprop=\"mainContentOfPage\"  class='template-page content  av-content-full alpha units'><div class='post-entry post-entry-type-page post-entry-934'><div class='entry-content-wrapper clearfix'>\n<div class='flex_column av-85gid-9157bf4109bbeb0411d6f95ad7d43f96 av_one_full  avia-builder-el-1  avia-builder-el-no-sibling  first flex_column_div '     ><p>\n<style type=\"text\/css\" data-created_by=\"avia_inline_auto\" id=\"style-css-av-lgfj3p06-c7f193d64dcecdb274cbf9ea7f2f64bb\">\n#top .av-special-heading.av-lgfj3p06-c7f193d64dcecdb274cbf9ea7f2f64bb{\npadding-bottom:10px;\ncolor:#ffffff;\nfont-size:70px;\n}\nbody .av-special-heading.av-lgfj3p06-c7f193d64dcecdb274cbf9ea7f2f64bb .av-special-heading-tag .heading-char{\nfont-size:25px;\n}\n#top #wrap_all .av-special-heading.av-lgfj3p06-c7f193d64dcecdb274cbf9ea7f2f64bb .av-special-heading-tag{\nfont-size:70px;\n}\n.av-special-heading.av-lgfj3p06-c7f193d64dcecdb274cbf9ea7f2f64bb .special-heading-inner-border{\nborder-color:#ffffff;\n}\n.av-special-heading.av-lgfj3p06-c7f193d64dcecdb274cbf9ea7f2f64bb .av-subheading{\nfont-size:15px;\n}\n\n@media only screen and (min-width: 480px) and (max-width: 767px){ \n#top #wrap_all .av-special-heading.av-lgfj3p06-c7f193d64dcecdb274cbf9ea7f2f64bb .av-special-heading-tag{\nfont-size:0.8em;\n}\n}\n\n@media only screen and (max-width: 479px){ \n#top #wrap_all .av-special-heading.av-lgfj3p06-c7f193d64dcecdb274cbf9ea7f2f64bb .av-special-heading-tag{\nfont-size:0.8em;\n}\n}\n<\/style>\n<div  class='av-special-heading av-lgfj3p06-c7f193d64dcecdb274cbf9ea7f2f64bb av-special-heading-h1 custom-color-heading blockquote modern-quote modern-centered  avia-builder-el-2  el_before_av_heading  avia-builder-el-first  av-medium-hide av-small-hide av-mini-hide av-inherit-size'><h1 class='av-special-heading-tag'  itemprop=\"headline\"  >Contactez nous<\/h1><div class=\"special-heading-border\"><div class=\"special-heading-inner-border\"><\/div><\/div><\/div><br \/>\n\n<style type=\"text\/css\" data-created_by=\"avia_inline_auto\" id=\"style-css-av-lggtct5i-03c68a557c780b4526c52d3e6a7729ae\">\n#top .av-special-heading.av-lggtct5i-03c68a557c780b4526c52d3e6a7729ae{\npadding-bottom:10px;\ncolor:#ffffff;\nfont-size:40px;\n}\nbody .av-special-heading.av-lggtct5i-03c68a557c780b4526c52d3e6a7729ae .av-special-heading-tag .heading-char{\nfont-size:25px;\n}\n#top #wrap_all .av-special-heading.av-lggtct5i-03c68a557c780b4526c52d3e6a7729ae .av-special-heading-tag{\nfont-size:40px;\n}\n.av-special-heading.av-lggtct5i-03c68a557c780b4526c52d3e6a7729ae .special-heading-inner-border{\nborder-color:#ffffff;\n}\n.av-special-heading.av-lggtct5i-03c68a557c780b4526c52d3e6a7729ae .av-subheading{\nfont-size:15px;\n}\n\n@media only screen and (min-width: 480px) and (max-width: 767px){ \n#top #wrap_all .av-special-heading.av-lggtct5i-03c68a557c780b4526c52d3e6a7729ae .av-special-heading-tag{\nfont-size:0.8em;\n}\n}\n\n@media only screen and (max-width: 479px){ \n#top #wrap_all .av-special-heading.av-lggtct5i-03c68a557c780b4526c52d3e6a7729ae .av-special-heading-tag{\nfont-size:0.8em;\n}\n}\n<\/style>\n<div  class='av-special-heading av-lggtct5i-03c68a557c780b4526c52d3e6a7729ae av-special-heading-h1 custom-color-heading blockquote modern-quote modern-centered  avia-builder-el-3  el_after_av_heading  avia-builder-el-last  av-desktop-hide av-inherit-size'><h1 class='av-special-heading-tag'  itemprop=\"headline\"  >Contactez nous<\/h1><div class=\"special-heading-border\"><div class=\"special-heading-inner-border\"><\/div><\/div><\/div><\/p><\/div>\n\n<\/div><\/div><\/main><!-- close content main element --><\/div><\/div><\/div><div id='av_section_2'  class='avia-section av-19aewt-fb3cfe8e0f7dc46fc218daf0811c7d4b main_color avia-section-large avia-no-border-styling  avia-builder-el-4  el_after_av_section  avia-builder-el-last  avia-bg-style-scroll container_wrap fullsize'  ><div class='container av-section-cont-open' ><div class='template-page content  av-content-full alpha units'><div class='post-entry post-entry-type-page post-entry-934'><div class='entry-content-wrapper clearfix'>\n<div class='flex_column_table av-13hrc5-0df59526ecb56c15b5bfa335fdd29564 sc-av_one_half av-equal-height-column-flextable'><div class='flex_column av-13hrc5-0df59526ecb56c15b5bfa335fdd29564 av_one_half  avia-builder-el-5  el_before_av_one_half  avia-builder-el-first  first flex_column_table_cell av-equal-height-column av-align-middle '     ><form action=\"https:\/\/indiville.be\/fr\/contact\/\" method=\"post\"  class=\"avia_ajax_form av-form-labels-visible   avia-builder-el-6  avia-builder-el-no-sibling   \" data-avia-form-id=\"1\" data-avia-redirect='' ><h3 class=''>Contactez nous<\/h3><fieldset><p class='  first_form  form_element form_fullwidth' id='element_avia_1_1'><label for=\"avia_1_1\">Nom <abbr class=\"required\" title=\"requis(e)\">*<\/abbr><\/label> <input name=\"avia_1_1\" class=\"text_input is_empty\" type=\"text\" id=\"avia_1_1\" value=\"\" \/><\/p><p class='  first_form  form_element form_fullwidth' id='element_avia_2_1'><label for=\"avia_2_1\">E-mail <abbr class=\"required\" title=\"requis(e)\">*<\/abbr><\/label> <input name=\"avia_2_1\" class=\"text_input is_email\" type=\"text\" id=\"avia_2_1\" value=\"\" \/><\/p><p class='  first_form  form_element form_fullwidth' id='element_avia_3_1'><label for=\"avia_3_1\">Sujet <abbr class=\"required\" title=\"requis(e)\">*<\/abbr><\/label> <input name=\"avia_3_1\" class=\"text_input is_empty\" type=\"text\" id=\"avia_3_1\" value=\"\" \/><\/p><p class='  first_form  form_element form_fullwidth' id='element_avia_4_1'><label for=\"avia_4_1\" class=\"textare_label hidden textare_label_avia_4_1\">Message <abbr class=\"required\" title=\"requis(e)\">*<\/abbr><\/label><textarea  name=\"avia_4_1\" class=\"text_area is_empty\" cols=\"40\" rows=\"7\" id=\"avia_4_1\" ><\/textarea><\/p><p class=\"hidden\"><input type=\"text\" name=\"avia_5_1\" class=\"hidden \" id=\"avia_5_1\" value=\"\" \/><\/p><p class='   form_element form_fullwidth av-last-visible-form-element' id='element_avia_6_1'><span class='value_verifier_label'>7 + 0 = ?<\/span><input name=\"avia_6_1_verifier\" type=\"hidden\" id=\"avia_6_1_verifier\" value=\"874741713\"\/><label for=\"avia_6_1\">Merci de prouver que vous \u00eates un humain en donnant le r\u00e9sultat de cette op\u00e9ration <abbr class=\"required\" title=\"requis(e)\">*<\/abbr><\/label><input name=\"avia_6_1\" class=\"text_input captcha\" type=\"text\" id=\"avia_6_1\" value=\"\"\/><\/p><p class=' av_form_privacy_check av_contact_privacy_check first_form  form_element form_fullwidth' id='element_avia_7_1'><input  name=\"avia_7_1\" class=\"input_checkbox is_empty\" type=\"checkbox\" id=\"avia_7_1\" value=\"true\"\/><label class=\"input_checkbox_label\" for=\"avia_7_1\">Ik ga akkoord met de algemene voorwaarden die zijn vastgelegd in het <a href=\"https:\/\/indiville.be\/disclaimer-privacy-policy\/\">Disclaimer & Privacybeleid<\/a>.\n <abbr class=\"required\" title=\"requis(e)\">*<\/abbr><\/label><\/p><p class=\"form_element \"><input type=\"hidden\" value=\"1\" name=\"avia_generated_form1\" \/><input type=\"submit\" value=\"Envoyer\" class=\"button\"  data-sending-label=\"Envoi\"\/><\/p><\/fieldset><\/form><div id=\"ajaxresponse_1\" class=\"ajaxresponse ajaxresponse_1 hidden\"><\/div><\/div><div class='av-flex-placeholder'><\/div><div class='flex_column av-9v91p-6ea4687e0ca2a99dc0fda8fbf9663aa8 av_one_half  avia-builder-el-7  el_after_av_one_half  avia-builder-el-last  flex_column_table_cell av-equal-height-column av-align-middle '     ><p>\n<style type=\"text\/css\" data-created_by=\"avia_inline_auto\" id=\"style-css-av-lgfje938-f2f633968ec9e24a5059c58d05a6e166\">\n#top .av_textblock_section.av-lgfje938-f2f633968ec9e24a5059c58d05a6e166 .avia_textblock{\nfont-size:16px;\ntext-align:center;\n}\n<\/style>\n<section  class='av_textblock_section av-lgfje938-f2f633968ec9e24a5059c58d05a6e166'  itemscope=\"itemscope\" itemtype=\"https:\/\/schema.org\/CreativeWork\" ><div class='avia_textblock'  itemprop=\"text\" ><p><iframe loading=\"lazy\" style=\"border: 0;\" src=\"https:\/\/www.google.com\/maps\/embed?pb=!1m18!1m12!1m3!1d2517.34104241294!2d4.714439700000001!3d50.880398!2m3!1f0!2f0!3f0!3m2!1i1024!2i768!4f13.1!3m3!1m2!1s0x47c160d4a447fa7b%3A0xd7af5a117a1fbd67!2sMaria%20Theresiastraat%20123%2C%203000%20Leuven!5e0!3m2!1snl!2sbe!4v1681415677493!5m2!1snl!2sbe\" width=\"600\" height=\"450\" allowfullscreen=\"allowfullscreen\"><\/iframe><\/p>\n<\/div><\/section><br \/>\n\n<style type=\"text\/css\" data-created_by=\"avia_inline_auto\" id=\"style-css-av-lggvnkv6-1eb4a28af25fea4a880824ffaca8616e\">\n#top .av_textblock_section.av-lggvnkv6-1eb4a28af25fea4a880824ffaca8616e .avia_textblock{\ntext-align:center;\n}\n<\/style>\n<section  class='av_textblock_section av-lggvnkv6-1eb4a28af25fea4a880824ffaca8616e'  itemscope=\"itemscope\" itemtype=\"https:\/\/schema.org\/CreativeWork\" ><div class='avia_textblock'  itemprop=\"text\" ><p><strong>Indiville BV<br \/>\n<\/strong>make a difference<\/p>\n<p>Maria Theresiastraat 123<br \/>\nBE-3000 Leuven<\/p>\n<p><a href=\"mailto:info@indiville.be\">Info@indiville.be<\/a><\/p>\n<p>IBAN: BE30 0017 2907 4611<\/p>\n<p>BIC: GEBABEBB<\/p>\n<p>BTW-nummer: 0554.809.415<\/p>\n<\/div><\/section><\/p><\/div><\/div><!--close column table wrapper. Autoclose: 1 -->\n","protected":false},"excerpt":{"rendered":"","protected":false},"author":1,"featured_media":0,"parent":0,"menu_order":0,"comment_status":"closed","ping_status":"closed","template":"","meta":{"footnotes":""},"class_list":["post-934","page","type-page","status-publish","hentry"],"yoast_head":"<!-- This site is optimized with the Yoast SEO plugin v27.4 - https:\/\/yoast.com\/product\/yoast-seo-wordpress\/ -->\n<title>Contact - Indiville<\/title>\n<meta name=\"robots\" content=\"index, follow, max-snippet:-1, max-image-preview:large, max-video-preview:-1\" \/>\n<link rel=\"canonical\" href=\"https:\/\/indiville.be\/fr\/contact\/\" \/>\n<meta property=\"og:locale\" content=\"fr_FR\" \/>\n<meta property=\"og:type\" content=\"article\" \/>\n<meta property=\"og:title\" content=\"Contact - Indiville\" \/>\n<meta property=\"og:url\" content=\"https:\/\/indiville.be\/fr\/contact\/\" \/>\n<meta property=\"og:site_name\" content=\"Indiville\" \/>\n<meta property=\"article:publisher\" content=\"https:\/\/www.facebook.com\/profile.php?id=100063583240015\" \/>\n<meta property=\"article:modified_time\" content=\"2023-09-30T14:16:11+00:00\" \/>\n<meta name=\"twitter:card\" content=\"summary_large_image\" \/>\n<meta name=\"twitter:label1\" content=\"Dur\u00e9e de lecture estim\u00e9e\" \/>\n\t<meta name=\"twitter:data1\" content=\"12 minutes\" \/>\n<script type=\"application\/ld+json\" class=\"yoast-schema-graph\">{\"@context\":\"https:\\\/\\\/schema.org\",\"@graph\":[{\"@type\":\"WebPage\",\"@id\":\"https:\\\/\\\/indiville.be\\\/fr\\\/contact\\\/\",\"url\":\"https:\\\/\\\/indiville.be\\\/fr\\\/contact\\\/\",\"name\":\"Contact - Indiville\",\"isPartOf\":{\"@id\":\"https:\\\/\\\/indiville.be\\\/#website\"},\"datePublished\":\"2023-04-13T19:46:03+00:00\",\"dateModified\":\"2023-09-30T14:16:11+00:00\",\"breadcrumb\":{\"@id\":\"https:\\\/\\\/indiville.be\\\/fr\\\/contact\\\/#breadcrumb\"},\"inLanguage\":\"fr-FR\",\"potentialAction\":[{\"@type\":\"ReadAction\",\"target\":[\"https:\\\/\\\/indiville.be\\\/fr\\\/contact\\\/\"]}]},{\"@type\":\"BreadcrumbList\",\"@id\":\"https:\\\/\\\/indiville.be\\\/fr\\\/contact\\\/#breadcrumb\",\"itemListElement\":[{\"@type\":\"ListItem\",\"position\":1,\"name\":\"Home\",\"item\":\"https:\\\/\\\/indiville.be\\\/fr\\\/home\\\/\"},{\"@type\":\"ListItem\",\"position\":2,\"name\":\"Contact\"}]},{\"@type\":\"WebSite\",\"@id\":\"https:\\\/\\\/indiville.be\\\/#website\",\"url\":\"https:\\\/\\\/indiville.be\\\/\",\"name\":\"Indiville\",\"description\":\"MAKE A DIFFERENCE\",\"publisher\":{\"@id\":\"https:\\\/\\\/indiville.be\\\/#organization\"},\"potentialAction\":[{\"@type\":\"SearchAction\",\"target\":{\"@type\":\"EntryPoint\",\"urlTemplate\":\"https:\\\/\\\/indiville.be\\\/?s={search_term_string}\"},\"query-input\":{\"@type\":\"PropertyValueSpecification\",\"valueRequired\":true,\"valueName\":\"search_term_string\"}}],\"inLanguage\":\"fr-FR\"},{\"@type\":\"Organization\",\"@id\":\"https:\\\/\\\/indiville.be\\\/#organization\",\"name\":\"Indiville\",\"url\":\"https:\\\/\\\/indiville.be\\\/\",\"logo\":{\"@type\":\"ImageObject\",\"inLanguage\":\"fr-FR\",\"@id\":\"https:\\\/\\\/indiville.be\\\/#\\\/schema\\\/logo\\\/image\\\/\",\"url\":\"https:\\\/\\\/indiville.be\\\/wp-content\\\/uploads\\\/2023\\\/05\\\/dbp.png\",\"contentUrl\":\"https:\\\/\\\/indiville.be\\\/wp-content\\\/uploads\\\/2023\\\/05\\\/dbp.png\",\"width\":304,\"height\":344,\"caption\":\"Indiville\"},\"image\":{\"@id\":\"https:\\\/\\\/indiville.be\\\/#\\\/schema\\\/logo\\\/image\\\/\"},\"sameAs\":[\"https:\\\/\\\/www.facebook.com\\\/profile.php?id=100063583240015\",\"https:\\\/\\\/linkedin.com\\\/company\\\/indiville\"]}]}<\/script>\n<!-- \/ Yoast SEO plugin. -->","yoast_head_json":{"title":"Contact - Indiville","robots":{"index":"index","follow":"follow","max-snippet":"max-snippet:-1","max-image-preview":"max-image-preview:large","max-video-preview":"max-video-preview:-1"},"canonical":"https:\/\/indiville.be\/fr\/contact\/","og_locale":"fr_FR","og_type":"article","og_title":"Contact - Indiville","og_url":"https:\/\/indiville.be\/fr\/contact\/","og_site_name":"Indiville","article_publisher":"https:\/\/www.facebook.com\/profile.php?id=100063583240015","article_modified_time":"2023-09-30T14:16:11+00:00","twitter_card":"summary_large_image","twitter_misc":{"Dur\u00e9e de lecture estim\u00e9e":"12 minutes"},"schema":{"@context":"https:\/\/schema.org","@graph":[{"@type":"WebPage","@id":"https:\/\/indiville.be\/fr\/contact\/","url":"https:\/\/indiville.be\/fr\/contact\/","name":"Contact - Indiville","isPartOf":{"@id":"https:\/\/indiville.be\/#website"},"datePublished":"2023-04-13T19:46:03+00:00","dateModified":"2023-09-30T14:16:11+00:00","breadcrumb":{"@id":"https:\/\/indiville.be\/fr\/contact\/#breadcrumb"},"inLanguage":"fr-FR","potentialAction":[{"@type":"ReadAction","target":["https:\/\/indiville.be\/fr\/contact\/"]}]},{"@type":"BreadcrumbList","@id":"https:\/\/indiville.be\/fr\/contact\/#breadcrumb","itemListElement":[{"@type":"ListItem","position":1,"name":"Home","item":"https:\/\/indiville.be\/fr\/home\/"},{"@type":"ListItem","position":2,"name":"Contact"}]},{"@type":"WebSite","@id":"https:\/\/indiville.be\/#website","url":"https:\/\/indiville.be\/","name":"Indiville","description":"MAKE A DIFFERENCE","publisher":{"@id":"https:\/\/indiville.be\/#organization"},"potentialAction":[{"@type":"SearchAction","target":{"@type":"EntryPoint","urlTemplate":"https:\/\/indiville.be\/?s={search_term_string}"},"query-input":{"@type":"PropertyValueSpecification","valueRequired":true,"valueName":"search_term_string"}}],"inLanguage":"fr-FR"},{"@type":"Organization","@id":"https:\/\/indiville.be\/#organization","name":"Indiville","url":"https:\/\/indiville.be\/","logo":{"@type":"ImageObject","inLanguage":"fr-FR","@id":"https:\/\/indiville.be\/#\/schema\/logo\/image\/","url":"https:\/\/indiville.be\/wp-content\/uploads\/2023\/05\/dbp.png","contentUrl":"https:\/\/indiville.be\/wp-content\/uploads\/2023\/05\/dbp.png","width":304,"height":344,"caption":"Indiville"},"image":{"@id":"https:\/\/indiville.be\/#\/schema\/logo\/image\/"},"sameAs":["https:\/\/www.facebook.com\/profile.php?id=100063583240015","https:\/\/linkedin.com\/company\/indiville"]}]}},"_links":{"self":[{"href":"https:\/\/indiville.be\/fr\/wp-json\/wp\/v2\/pages\/934","targetHints":{"allow":["GET"]}}],"collection":[{"href":"https:\/\/indiville.be\/fr\/wp-json\/wp\/v2\/pages"}],"about":[{"href":"https:\/\/indiville.be\/fr\/wp-json\/wp\/v2\/types\/page"}],"author":[{"embeddable":true,"href":"https:\/\/indiville.be\/fr\/wp-json\/wp\/v2\/users\/1"}],"replies":[{"embeddable":true,"href":"https:\/\/indiville.be\/fr\/wp-json\/wp\/v2\/comments?post=934"}],"version-history":[{"count":5,"href":"https:\/\/indiville.be\/fr\/wp-json\/wp\/v2\/pages\/934\/revisions"}],"predecessor-version":[{"id":939,"href":"https:\/\/indiville.be\/fr\/wp-json\/wp\/v2\/pages\/934\/revisions\/939"}],"wp:attachment":[{"href":"https:\/\/indiville.be\/fr\/wp-json\/wp\/v2\/media?parent=934"}],"curies":[{"name":"wp","href":"https:\/\/api.w.org\/{rel}","templated":true}]}}